{"id":2797,"date":"2025-02-21T14:25:28","date_gmt":"2025-02-21T13:25:28","guid":{"rendered":"https:\/\/roselios.com\/?page_id=2797"},"modified":"2025-03-24T11:47:21","modified_gmt":"2025-03-24T10:47:21","slug":"elementor-2797","status":"publish","type":"page","link":"https:\/\/roselios.com\/index.php\/elementor-2797\/","title":{"rendered":"Autres commerces"},"content":{"rendered":"\t\t<div data-elementor-type=\"wp-page\" data-elementor-id=\"2797\" class=\"elementor elementor-2797\" data-elementor-post-type=\"page\">\n\t\t\t\t<div class=\"elementor-element elementor-element-69882a3 e-flex e-con-boxed e-con e-parent\" data-id=\"69882a3\" data-element_type=\"container\">\n\t\t\t\t\t<div class=\"e-con-inner\">\n\t\t\t\t<div class=\"elementor-element elementor-element-e0c10ae elementor-widget elementor-widget-heading\" data-id=\"e0c10ae\" data-element_type=\"widget\" data-widget_type=\"heading.default\">\n\t\t\t\t<div class=\"elementor-widget-container\">\n\t\t\t<style>\/*! elementor - v3.23.0 - 05-08-2024 *\/\n.elementor-heading-title{padding:0;margin:0;line-height:1}.elementor-widget-heading .elementor-heading-title[class*=elementor-size-]>a{color:inherit;font-size:inherit;line-height:inherit}.elementor-widget-heading .elementor-heading-title.elementor-size-small{font-size:15px}.elementor-widget-heading .elementor-heading-title.elementor-size-medium{font-size:19px}.elementor-widget-heading .elementor-heading-title.elementor-size-large{font-size:29px}.elementor-widget-heading .elementor-heading-title.elementor-size-xl{font-size:39px}.elementor-widget-heading .elementor-heading-title.elementor-size-xxl{font-size:59px}<\/style><h2 class=\"elementor-heading-title elementor-size-default\">Autres commerces<\/h2>\t\t<\/div>\n\t\t\t\t<\/div>\n\t\t\t\t\t<\/div>\n\t\t\t\t<\/div>\n\t\t<div class=\"elementor-element elementor-element-debed69 e-flex e-con-boxed e-con e-parent\" data-id=\"debed69\" data-element_type=\"container\">\n\t\t\t\t\t<div class=\"e-con-inner\">\n\t\t\t\t<div class=\"elementor-element elementor-element-7db7b48 elementor-grid-2 elementor-posts--align-left elementor-grid-tablet-2 elementor-grid-mobile-1 elementor-posts--thumbnail-top elementor-card-shadow-yes elementor-posts__hover-gradient elementor-widget elementor-widget-posts\" data-id=\"7db7b48\" data-element_type=\"widget\" data-settings=\"{&quot;cards_columns&quot;:&quot;2&quot;,&quot;cards_row_gap&quot;:{&quot;unit&quot;:&quot;px&quot;,&quot;size&quot;:60,&quot;sizes&quot;:[]},&quot;pagination_type&quot;:&quot;numbers&quot;,&quot;cards_masonry&quot;:&quot;yes&quot;,&quot;cards_columns_tablet&quot;:&quot;2&quot;,&quot;cards_columns_mobile&quot;:&quot;1&quot;,&quot;cards_row_gap_tablet&quot;:{&quot;unit&quot;:&quot;px&quot;,&quot;size&quot;:&quot;&quot;,&quot;sizes&quot;:[]},&quot;cards_row_gap_mobile&quot;:{&quot;unit&quot;:&quot;px&quot;,&quot;size&quot;:&quot;&quot;,&quot;sizes&quot;:[]}}\" data-widget_type=\"posts.cards\">\n\t\t\t\t<div class=\"elementor-widget-container\">\n\t\t\t<link rel=\"stylesheet\" href=\"https:\/\/roselios.com\/wp-content\/plugins\/elementor-pro\/assets\/css\/widget-posts.min.css?ver=1723686522\">\t\t<div class=\"elementor-posts-container elementor-posts elementor-posts--skin-cards elementor-grid\">\n\t\t\t\t<article class=\"elementor-post elementor-grid-item post-3938 post type-post status-publish format-standard has-post-thumbnail hentry category-autres-commerces category-beaute-bien-etre category-mode-accessoires\">\n\t\t\t<div class=\"elementor-post__card\">\n\t\t\t\t<a class=\"elementor-post__thumbnail__link\" href=\"https:\/\/roselios.com\/index.php\/2025\/03\/27\/oceneo-linnovation-durable-au-service-de-la-lunette-ecoresponsable\/\" tabindex=\"-1\" ><div class=\"elementor-post__thumbnail\"><img decoding=\"async\" width=\"300\" height=\"150\" src=\"https:\/\/roselios.com\/wp-content\/uploads\/2025\/03\/Design-sans-titre-178-300x150.png\" class=\"attachment-medium size-medium wp-image-3940\" alt=\"\" srcset=\"https:\/\/roselios.com\/wp-content\/uploads\/2025\/03\/Design-sans-titre-178-300x150.png 300w, https:\/\/roselios.com\/wp-content\/uploads\/2025\/03\/Design-sans-titre-178.png 760w\" sizes=\"(max-width: 300px) 100vw, 300px\" \/><\/div><\/a>\n\t\t\t\t<div class=\"elementor-post__text\">\n\t\t\t\t<h3 class=\"elementor-post__title\">\n\t\t\t<a href=\"https:\/\/roselios.com\/index.php\/2025\/03\/27\/oceneo-linnovation-durable-au-service-de-la-lunette-ecoresponsable\/\" >\n\t\t\t\tOceneo : L\u2019Innovation Durable au Service de la Lunette \u00c9coresponsable\t\t\t<\/a>\n\t\t<\/h3>\n\t\t\t\t<div class=\"elementor-post__excerpt\">\n\t\t\t<p>Un concept store pas comme les autres ! D\u00e9couvrez comment GG Shop, n\u00e9 d\u2019une id\u00e9e audacieuse, fusionne gaming, r\u00e9paration et tatouage en plein c\u0153ur de Lyon. Entre passion, innovation et transparence totale gr\u00e2ce \u00e0 des lives quotidiens, cette boutique pas comme les autres intrigue et s\u00e9duit. Une success story \u00e0 ne pas manquer !<\/p>\n\t\t<\/div>\n\t\t\n\t\t<a class=\"elementor-post__read-more\" href=\"https:\/\/roselios.com\/index.php\/2025\/03\/27\/oceneo-linnovation-durable-au-service-de-la-lunette-ecoresponsable\/\" aria-label=\"Read more about Oceneo : L\u2019Innovation Durable au Service de la Lunette \u00c9coresponsable\" tabindex=\"-1\" >\n\t\t\tLIRE LA SUITE...\t\t<\/a>\n\n\t\t\t\t<\/div>\n\t\t\t\t<div class=\"elementor-post__meta-data\">\n\t\t\t\t\t<span class=\"elementor-post-date\">\n\t\t\t27 mars 2025\t\t<\/span>\n\t\t\t\t<\/div>\n\t\t\t\t\t<\/div>\n\t\t<\/article>\n\t\t\t\t<article class=\"elementor-post elementor-grid-item post-3600 post type-post status-publish format-standard has-post-thumbnail hentry category-autres-commerces category-beaute-bien-etre category-electronique-high-tech category-mode-accessoires\">\n\t\t\t<div class=\"elementor-post__card\">\n\t\t\t\t<a class=\"elementor-post__thumbnail__link\" href=\"https:\/\/roselios.com\/index.php\/2025\/03\/22\/gg-shop-quand-le-jeu-video-et-le-tatouage-se-rencontrent-a-lyon\/\" tabindex=\"-1\" ><div class=\"elementor-post__thumbnail\"><img decoding=\"async\" width=\"300\" height=\"150\" src=\"https:\/\/roselios.com\/wp-content\/uploads\/2025\/03\/Design-sans-titre-175-300x150.png\" class=\"attachment-medium size-medium wp-image-3605\" alt=\"\" srcset=\"https:\/\/roselios.com\/wp-content\/uploads\/2025\/03\/Design-sans-titre-175-300x150.png 300w, https:\/\/roselios.com\/wp-content\/uploads\/2025\/03\/Design-sans-titre-175.png 760w\" sizes=\"(max-width: 300px) 100vw, 300px\" \/><\/div><\/a>\n\t\t\t\t<div class=\"elementor-post__text\">\n\t\t\t\t<h3 class=\"elementor-post__title\">\n\t\t\t<a href=\"https:\/\/roselios.com\/index.php\/2025\/03\/22\/gg-shop-quand-le-jeu-video-et-le-tatouage-se-rencontrent-a-lyon\/\" >\n\t\t\t\tGG Shop : Quand le Jeu Vid\u00e9o et le Tatouage se Rencontrent \u00e0 Lyon\t\t\t<\/a>\n\t\t<\/h3>\n\t\t\t\t<div class=\"elementor-post__excerpt\">\n\t\t\t<p>Un concept store pas comme les autres ! D\u00e9couvrez comment GG Shop, n\u00e9 d\u2019une id\u00e9e audacieuse, fusionne gaming, r\u00e9paration et tatouage en plein c\u0153ur de Lyon. Entre passion, innovation et transparence totale gr\u00e2ce \u00e0 des lives quotidiens, cette boutique pas comme les autres intrigue et s\u00e9duit. Une success story \u00e0 ne pas manquer !<\/p>\n\t\t<\/div>\n\t\t\n\t\t<a class=\"elementor-post__read-more\" href=\"https:\/\/roselios.com\/index.php\/2025\/03\/22\/gg-shop-quand-le-jeu-video-et-le-tatouage-se-rencontrent-a-lyon\/\" aria-label=\"Read more about GG Shop : Quand le Jeu Vid\u00e9o et le Tatouage se Rencontrent \u00e0 Lyon\" tabindex=\"-1\" >\n\t\t\tLIRE LA SUITE...\t\t<\/a>\n\n\t\t\t\t<\/div>\n\t\t\t\t<div class=\"elementor-post__meta-data\">\n\t\t\t\t\t<span class=\"elementor-post-date\">\n\t\t\t22 mars 2025\t\t<\/span>\n\t\t\t\t<\/div>\n\t\t\t\t\t<\/div>\n\t\t<\/article>\n\t\t\t\t<article class=\"elementor-post elementor-grid-item post-3566 post type-post status-publish format-standard has-post-thumbnail hentry category-autres-commerces category-electronique-high-tech category-mode-accessoires\">\n\t\t\t<div class=\"elementor-post__card\">\n\t\t\t\t<a class=\"elementor-post__thumbnail__link\" href=\"https:\/\/roselios.com\/index.php\/2025\/03\/20\/mgs-shop-un-repere-de-confiance-face-a-la-vague-de-fraudes-dans-la-japanimation\/\" tabindex=\"-1\" ><div class=\"elementor-post__thumbnail\"><img decoding=\"async\" width=\"300\" height=\"150\" src=\"https:\/\/roselios.com\/wp-content\/uploads\/2025\/03\/1-300x150.png\" class=\"attachment-medium size-medium wp-image-3587\" alt=\"\" srcset=\"https:\/\/roselios.com\/wp-content\/uploads\/2025\/03\/1-300x150.png 300w, https:\/\/roselios.com\/wp-content\/uploads\/2025\/03\/1.png 760w\" sizes=\"(max-width: 300px) 100vw, 300px\" \/><\/div><\/a>\n\t\t\t\t<div class=\"elementor-post__text\">\n\t\t\t\t<h3 class=\"elementor-post__title\">\n\t\t\t<a href=\"https:\/\/roselios.com\/index.php\/2025\/03\/20\/mgs-shop-un-repere-de-confiance-face-a-la-vague-de-fraudes-dans-la-japanimation\/\" >\n\t\t\t\tMGS Shop : un rep\u00e8re de confiance face \u00e0 la vague de fraudes dans la japanimation\t\t\t<\/a>\n\t\t<\/h3>\n\t\t\t\t<div class=\"elementor-post__excerpt\">\n\t\t\t<p>Le march\u00e9 de la japanimation fait face \u00e0 une vague de contrefa\u00e7ons et d\u2019arnaques, fragilisant la confiance des collectionneurs. Pourtant, MGS Shop parvient \u00e0 tirer son \u00e9pingle du jeu en misant sur l\u2019authenticit\u00e9 et la satisfaction client. D\u00e9couvrez comment cette boutique ind\u00e9pendante r\u00e9ussit \u00e0 se d\u00e9marquer dans un secteur en pleine turbulence<\/p>\n\t\t<\/div>\n\t\t\n\t\t<a class=\"elementor-post__read-more\" href=\"https:\/\/roselios.com\/index.php\/2025\/03\/20\/mgs-shop-un-repere-de-confiance-face-a-la-vague-de-fraudes-dans-la-japanimation\/\" aria-label=\"Read more about MGS Shop : un rep\u00e8re de confiance face \u00e0 la vague de fraudes dans la japanimation\" tabindex=\"-1\" >\n\t\t\tLIRE LA SUITE...\t\t<\/a>\n\n\t\t\t\t<\/div>\n\t\t\t\t<div class=\"elementor-post__meta-data\">\n\t\t\t\t\t<span class=\"elementor-post-date\">\n\t\t\t20 mars 2025\t\t<\/span>\n\t\t\t\t<\/div>\n\t\t\t\t\t<\/div>\n\t\t<\/article>\n\t\t\t\t<\/div>\n\t\t\n\t\t\t\t<\/div>\n\t\t\t\t<\/div>\n\t\t\t\t\t<\/div>\n\t\t\t\t<\/div>\n\t\t\t\t<\/div>\n\t\t","protected":false},"excerpt":{"rendered":"<p>Autres commerces<\/p>\n","protected":false},"author":1,"featured_media":0,"parent":0,"menu_order":0,"comment_status":"closed","ping_status":"closed","template":"","meta":{"inline_featured_image":false,"footnotes":""},"class_list":["post-2797","page","type-page","status-publish","hentry"],"_links":{"self":[{"href":"https:\/\/roselios.com\/index.php\/wp-json\/wp\/v2\/pages\/2797"}],"collection":[{"href":"https:\/\/roselios.com\/index.php\/wp-json\/wp\/v2\/pages"}],"about":[{"href":"https:\/\/roselios.com\/index.php\/wp-json\/wp\/v2\/types\/page"}],"author":[{"embeddable":true,"href":"https:\/\/roselios.com\/index.php\/wp-json\/wp\/v2\/users\/1"}],"replies":[{"embeddable":true,"href":"https:\/\/roselios.com\/index.php\/wp-json\/wp\/v2\/comments?post=2797"}],"version-history":[{"count":20,"href":"https:\/\/roselios.com\/index.php\/wp-json\/wp\/v2\/pages\/2797\/revisions"}],"predecessor-version":[{"id":3586,"href":"https:\/\/roselios.com\/index.php\/wp-json\/wp\/v2\/pages\/2797\/revisions\/3586"}],"wp:attachment":[{"href":"https:\/\/roselios.com\/index.php\/wp-json\/wp\/v2\/media?parent=2797"}],"curies":[{"name":"wp","href":"https:\/\/api.w.org\/{rel}","templated":true}]}}