{"id":2785,"date":"2025-02-21T14:23:44","date_gmt":"2025-02-21T13:23:44","guid":{"rendered":"https:\/\/roselios.com\/?page_id=2785"},"modified":"2025-03-24T11:48:53","modified_gmt":"2025-03-24T10:48:53","slug":"elementor-2785","status":"publish","type":"page","link":"https:\/\/roselios.com\/index.php\/elementor-2785\/","title":{"rendered":"Beaut\u00e9 &#038; Bien-\u00eatre"},"content":{"rendered":"\t\t<div data-elementor-type=\"wp-page\" data-elementor-id=\"2785\" class=\"elementor elementor-2785\" data-elementor-post-type=\"page\">\n\t\t\t\t<div class=\"elementor-element elementor-element-266b336 e-flex e-con-boxed e-con e-parent\" data-id=\"266b336\" data-element_type=\"container\">\n\t\t\t\t\t<div class=\"e-con-inner\">\n\t\t\t\t<div class=\"elementor-element elementor-element-c95708f elementor-widget elementor-widget-heading\" data-id=\"c95708f\" data-element_type=\"widget\" data-widget_type=\"heading.default\">\n\t\t\t\t<div class=\"elementor-widget-container\">\n\t\t\t<style>\/*! elementor - v3.23.0 - 05-08-2024 *\/\n.elementor-heading-title{padding:0;margin:0;line-height:1}.elementor-widget-heading .elementor-heading-title[class*=elementor-size-]>a{color:inherit;font-size:inherit;line-height:inherit}.elementor-widget-heading .elementor-heading-title.elementor-size-small{font-size:15px}.elementor-widget-heading .elementor-heading-title.elementor-size-medium{font-size:19px}.elementor-widget-heading .elementor-heading-title.elementor-size-large{font-size:29px}.elementor-widget-heading .elementor-heading-title.elementor-size-xl{font-size:39px}.elementor-widget-heading .elementor-heading-title.elementor-size-xxl{font-size:59px}<\/style><h2 class=\"elementor-heading-title elementor-size-default\">Beaut\u00e9 & Bien-\u00eatre<\/h2>\t\t<\/div>\n\t\t\t\t<\/div>\n\t\t\t\t\t<\/div>\n\t\t\t\t<\/div>\n\t\t<div class=\"elementor-element elementor-element-dedf0a0 e-flex e-con-boxed e-con e-parent\" data-id=\"dedf0a0\" data-element_type=\"container\">\n\t\t\t\t\t<div class=\"e-con-inner\">\n\t\t\t\t<div class=\"elementor-element elementor-element-aa28be6 elementor-grid-2 elementor-posts--align-left elementor-grid-tablet-2 elementor-grid-mobile-1 elementor-posts--thumbnail-top elementor-card-shadow-yes elementor-posts__hover-gradient elementor-widget elementor-widget-posts\" data-id=\"aa28be6\" data-element_type=\"widget\" data-settings=\"{&quot;cards_columns&quot;:&quot;2&quot;,&quot;cards_row_gap&quot;:{&quot;unit&quot;:&quot;px&quot;,&quot;size&quot;:60,&quot;sizes&quot;:[]},&quot;pagination_type&quot;:&quot;numbers&quot;,&quot;cards_masonry&quot;:&quot;yes&quot;,&quot;cards_columns_tablet&quot;:&quot;2&quot;,&quot;cards_columns_mobile&quot;:&quot;1&quot;,&quot;cards_row_gap_tablet&quot;:{&quot;unit&quot;:&quot;px&quot;,&quot;size&quot;:&quot;&quot;,&quot;sizes&quot;:[]},&quot;cards_row_gap_mobile&quot;:{&quot;unit&quot;:&quot;px&quot;,&quot;size&quot;:&quot;&quot;,&quot;sizes&quot;:[]}}\" data-widget_type=\"posts.cards\">\n\t\t\t\t<div class=\"elementor-widget-container\">\n\t\t\t<link rel=\"stylesheet\" href=\"https:\/\/roselios.com\/wp-content\/plugins\/elementor-pro\/assets\/css\/widget-posts.min.css?ver=1723686522\">\t\t<div class=\"elementor-posts-container elementor-posts elementor-posts--skin-cards elementor-grid\">\n\t\t\t\t<article class=\"elementor-post elementor-grid-item post-3938 post type-post status-publish format-standard has-post-thumbnail hentry category-autres-commerces category-beaute-bien-etre category-mode-accessoires\">\n\t\t\t<div class=\"elementor-post__card\">\n\t\t\t\t<a class=\"elementor-post__thumbnail__link\" href=\"https:\/\/roselios.com\/index.php\/2025\/03\/27\/oceneo-linnovation-durable-au-service-de-la-lunette-ecoresponsable\/\" tabindex=\"-1\" ><div class=\"elementor-post__thumbnail\"><img decoding=\"async\" width=\"300\" height=\"150\" src=\"https:\/\/roselios.com\/wp-content\/uploads\/2025\/03\/Design-sans-titre-178-300x150.png\" class=\"attachment-medium size-medium wp-image-3940\" alt=\"\" srcset=\"https:\/\/roselios.com\/wp-content\/uploads\/2025\/03\/Design-sans-titre-178-300x150.png 300w, https:\/\/roselios.com\/wp-content\/uploads\/2025\/03\/Design-sans-titre-178.png 760w\" sizes=\"(max-width: 300px) 100vw, 300px\" \/><\/div><\/a>\n\t\t\t\t<div class=\"elementor-post__text\">\n\t\t\t\t<h3 class=\"elementor-post__title\">\n\t\t\t<a href=\"https:\/\/roselios.com\/index.php\/2025\/03\/27\/oceneo-linnovation-durable-au-service-de-la-lunette-ecoresponsable\/\" >\n\t\t\t\tOceneo : L\u2019Innovation Durable au Service de la Lunette \u00c9coresponsable\t\t\t<\/a>\n\t\t<\/h3>\n\t\t\t\t<div class=\"elementor-post__excerpt\">\n\t\t\t<p>Un concept store pas comme les autres ! D\u00e9couvrez comment GG Shop, n\u00e9 d\u2019une id\u00e9e audacieuse, fusionne gaming, r\u00e9paration et tatouage en plein c\u0153ur de Lyon. Entre passion, innovation et transparence totale gr\u00e2ce \u00e0 des lives quotidiens, cette boutique pas comme les autres intrigue et s\u00e9duit. Une success story \u00e0 ne pas manquer !<\/p>\n\t\t<\/div>\n\t\t\n\t\t<a class=\"elementor-post__read-more\" href=\"https:\/\/roselios.com\/index.php\/2025\/03\/27\/oceneo-linnovation-durable-au-service-de-la-lunette-ecoresponsable\/\" aria-label=\"Read more about Oceneo : L\u2019Innovation Durable au Service de la Lunette \u00c9coresponsable\" tabindex=\"-1\" >\n\t\t\tLIRE LA SUITE...\t\t<\/a>\n\n\t\t\t\t<\/div>\n\t\t\t\t<div class=\"elementor-post__meta-data\">\n\t\t\t\t\t<span class=\"elementor-post-date\">\n\t\t\t27 mars 2025\t\t<\/span>\n\t\t\t\t<\/div>\n\t\t\t\t\t<\/div>\n\t\t<\/article>\n\t\t\t\t<article class=\"elementor-post elementor-grid-item post-3629 post type-post status-publish format-standard has-post-thumbnail hentry category-beaute-bien-etre\">\n\t\t\t<div class=\"elementor-post__card\">\n\t\t\t\t<a class=\"elementor-post__thumbnail__link\" href=\"https:\/\/roselios.com\/index.php\/2025\/03\/26\/oya-yoga-lemergence-dune-marque-francaise-dediee-au-yoga-aerien\/\" tabindex=\"-1\" ><div class=\"elementor-post__thumbnail\"><img decoding=\"async\" width=\"300\" height=\"150\" src=\"https:\/\/roselios.com\/wp-content\/uploads\/2025\/03\/Design-sans-titre-176-300x150.png\" class=\"attachment-medium size-medium wp-image-3631\" alt=\"\" srcset=\"https:\/\/roselios.com\/wp-content\/uploads\/2025\/03\/Design-sans-titre-176-300x150.png 300w, https:\/\/roselios.com\/wp-content\/uploads\/2025\/03\/Design-sans-titre-176.png 760w\" sizes=\"(max-width: 300px) 100vw, 300px\" \/><\/div><\/a>\n\t\t\t\t<div class=\"elementor-post__text\">\n\t\t\t\t<h3 class=\"elementor-post__title\">\n\t\t\t<a href=\"https:\/\/roselios.com\/index.php\/2025\/03\/26\/oya-yoga-lemergence-dune-marque-francaise-dediee-au-yoga-aerien\/\" >\n\t\t\t\tOya Yoga : L&rsquo;\u00c9mergence d&rsquo;une Marque Fran\u00e7aise D\u00e9di\u00e9e au Yoga A\u00e9rien\t\t\t<\/a>\n\t\t<\/h3>\n\t\t\t\t<div class=\"elementor-post__excerpt\">\n\t\t\t<p>Un concept store pas comme les autres ! D\u00e9couvrez comment GG Shop, n\u00e9 d\u2019une id\u00e9e audacieuse, fusionne gaming, r\u00e9paration et tatouage en plein c\u0153ur de Lyon. Entre passion, innovation et transparence totale gr\u00e2ce \u00e0 des lives quotidiens, cette boutique pas comme les autres intrigue et s\u00e9duit. Une success story \u00e0 ne pas manquer !<\/p>\n\t\t<\/div>\n\t\t\n\t\t<a class=\"elementor-post__read-more\" href=\"https:\/\/roselios.com\/index.php\/2025\/03\/26\/oya-yoga-lemergence-dune-marque-francaise-dediee-au-yoga-aerien\/\" aria-label=\"Read more about Oya Yoga : L&rsquo;\u00c9mergence d&rsquo;une Marque Fran\u00e7aise D\u00e9di\u00e9e au Yoga A\u00e9rien\" tabindex=\"-1\" >\n\t\t\tLIRE LA SUITE...\t\t<\/a>\n\n\t\t\t\t<\/div>\n\t\t\t\t<div class=\"elementor-post__meta-data\">\n\t\t\t\t\t<span class=\"elementor-post-date\">\n\t\t\t26 mars 2025\t\t<\/span>\n\t\t\t\t<\/div>\n\t\t\t\t\t<\/div>\n\t\t<\/article>\n\t\t\t\t<article class=\"elementor-post elementor-grid-item post-3600 post type-post status-publish format-standard has-post-thumbnail hentry category-autres-commerces category-beaute-bien-etre category-electronique-high-tech category-mode-accessoires\">\n\t\t\t<div class=\"elementor-post__card\">\n\t\t\t\t<a class=\"elementor-post__thumbnail__link\" href=\"https:\/\/roselios.com\/index.php\/2025\/03\/22\/gg-shop-quand-le-jeu-video-et-le-tatouage-se-rencontrent-a-lyon\/\" tabindex=\"-1\" ><div class=\"elementor-post__thumbnail\"><img decoding=\"async\" width=\"300\" height=\"150\" src=\"https:\/\/roselios.com\/wp-content\/uploads\/2025\/03\/Design-sans-titre-175-300x150.png\" class=\"attachment-medium size-medium wp-image-3605\" alt=\"\" srcset=\"https:\/\/roselios.com\/wp-content\/uploads\/2025\/03\/Design-sans-titre-175-300x150.png 300w, https:\/\/roselios.com\/wp-content\/uploads\/2025\/03\/Design-sans-titre-175.png 760w\" sizes=\"(max-width: 300px) 100vw, 300px\" \/><\/div><\/a>\n\t\t\t\t<div class=\"elementor-post__text\">\n\t\t\t\t<h3 class=\"elementor-post__title\">\n\t\t\t<a href=\"https:\/\/roselios.com\/index.php\/2025\/03\/22\/gg-shop-quand-le-jeu-video-et-le-tatouage-se-rencontrent-a-lyon\/\" >\n\t\t\t\tGG Shop : Quand le Jeu Vid\u00e9o et le Tatouage se Rencontrent \u00e0 Lyon\t\t\t<\/a>\n\t\t<\/h3>\n\t\t\t\t<div class=\"elementor-post__excerpt\">\n\t\t\t<p>Un concept store pas comme les autres ! D\u00e9couvrez comment GG Shop, n\u00e9 d\u2019une id\u00e9e audacieuse, fusionne gaming, r\u00e9paration et tatouage en plein c\u0153ur de Lyon. Entre passion, innovation et transparence totale gr\u00e2ce \u00e0 des lives quotidiens, cette boutique pas comme les autres intrigue et s\u00e9duit. Une success story \u00e0 ne pas manquer !<\/p>\n\t\t<\/div>\n\t\t\n\t\t<a class=\"elementor-post__read-more\" href=\"https:\/\/roselios.com\/index.php\/2025\/03\/22\/gg-shop-quand-le-jeu-video-et-le-tatouage-se-rencontrent-a-lyon\/\" aria-label=\"Read more about GG Shop : Quand le Jeu Vid\u00e9o et le Tatouage se Rencontrent \u00e0 Lyon\" tabindex=\"-1\" >\n\t\t\tLIRE LA SUITE...\t\t<\/a>\n\n\t\t\t\t<\/div>\n\t\t\t\t<div class=\"elementor-post__meta-data\">\n\t\t\t\t\t<span class=\"elementor-post-date\">\n\t\t\t22 mars 2025\t\t<\/span>\n\t\t\t\t<\/div>\n\t\t\t\t\t<\/div>\n\t\t<\/article>\n\t\t\t\t<\/div>\n\t\t\n\t\t\t\t<\/div>\n\t\t\t\t<\/div>\n\t\t\t\t\t<\/div>\n\t\t\t\t<\/div>\n\t\t\t\t<\/div>\n\t\t","protected":false},"excerpt":{"rendered":"<p>Beaut\u00e9 &#038; Bien-\u00eatre<\/p>\n","protected":false},"author":1,"featured_media":0,"parent":0,"menu_order":0,"comment_status":"closed","ping_status":"closed","template":"","meta":{"inline_featured_image":false,"footnotes":""},"class_list":["post-2785","page","type-page","status-publish","hentry"],"_links":{"self":[{"href":"https:\/\/roselios.com\/index.php\/wp-json\/wp\/v2\/pages\/2785"}],"collection":[{"href":"https:\/\/roselios.com\/index.php\/wp-json\/wp\/v2\/pages"}],"about":[{"href":"https:\/\/roselios.com\/index.php\/wp-json\/wp\/v2\/types\/page"}],"author":[{"embeddable":true,"href":"https:\/\/roselios.com\/index.php\/wp-json\/wp\/v2\/users\/1"}],"replies":[{"embeddable":true,"href":"https:\/\/roselios.com\/index.php\/wp-json\/wp\/v2\/comments?post=2785"}],"version-history":[{"count":17,"href":"https:\/\/roselios.com\/index.php\/wp-json\/wp\/v2\/pages\/2785\/revisions"}],"predecessor-version":[{"id":3628,"href":"https:\/\/roselios.com\/index.php\/wp-json\/wp\/v2\/pages\/2785\/revisions\/3628"}],"wp:attachment":[{"href":"https:\/\/roselios.com\/index.php\/wp-json\/wp\/v2\/media?parent=2785"}],"curies":[{"name":"wp","href":"https:\/\/api.w.org\/{rel}","templated":true}]}}